{"id":9,"date":"2021-03-08T12:52:41","date_gmt":"2021-03-08T11:52:41","guid":{"rendered":"https:\/\/granier-batiment.fr\/?page_id=9"},"modified":"2021-03-09T19:10:45","modified_gmt":"2021-03-09T18:10:45","slug":"a-propos-de","status":"publish","type":"page","link":"https:\/\/granier-batiment.fr\/index.php\/a-propos-de\/","title":{"rendered":"Neuf &#038; R\u00e9novation"},"content":{"rendered":"\n<p>Entreprise g\u00e9n\u00e9rale de b\u00e2timent constructions , r\u00e9novations , monuments historiques, maison individuelle, assainissement, am\u00e9nagements, carrelage, fa\u00e7ades<\/p>\n\n\n\n<figure class=\"wp-block-gallery columns-3 is-cropped wp-block-gallery-1 is-layout-flex wp-block-gallery-is-layout-flex\"><ul class=\"blocks-gallery-grid\"><li class=\"blocks-gallery-item\"><figure><a href=\"https:\/\/granier-batiment.fr\/wp-content\/uploads\/2021\/03\/10413418_1450444191874952_6682721741163765555_n.jpg\"><img loading=\"lazy\" decoding=\"async\" width=\"960\" height=\"720\" src=\"https:\/\/granier-batiment.fr\/wp-content\/uploads\/2021\/03\/10413418_1450444191874952_6682721741163765555_n.jpg\" alt=\"\" data-id=\"104\" data-full-url=\"https:\/\/granier-batiment.fr\/wp-content\/uploads\/2021\/03\/10413418_1450444191874952_6682721741163765555_n.jpg\" data-link=\"https:\/\/granier-batiment.fr\/index.php\/a-propos-de\/10413418_1450444191874952_6682721741163765555_n\/\" class=\"wp-image-104\" srcset=\"https:\/\/granier-batiment.fr\/wp-content\/uploads\/2021\/03\/10413418_1450444191874952_6682721741163765555_n.jpg 960w, https:\/\/granier-batiment.fr\/wp-content\/uploads\/2021\/03\/10413418_1450444191874952_6682721741163765555_n-300x225.jpg 300w, https:\/\/granier-batiment.fr\/wp-content\/uploads\/2021\/03\/10413418_1450444191874952_6682721741163765555_n-768x576.jpg 768w\" sizes=\"auto, (max-width: 767px) 89vw, (max-width: 1000px) 54vw, (max-width: 1071px) 543px, 580px\" \/><\/a><\/figure><\/li><li class=\"blocks-gallery-item\"><figure><a href=\"https:\/\/granier-batiment.fr\/wp-content\/uploads\/2021\/03\/10430403_1443423845910320_626374956242727232_n.jpg\"><img loading=\"lazy\" decoding=\"async\" width=\"960\" height=\"720\" src=\"https:\/\/granier-batiment.fr\/wp-content\/uploads\/2021\/03\/10430403_1443423845910320_626374956242727232_n.jpg\" alt=\"\" data-id=\"105\" data-full-url=\"https:\/\/granier-batiment.fr\/wp-content\/uploads\/2021\/03\/10430403_1443423845910320_626374956242727232_n.jpg\" data-link=\"https:\/\/granier-batiment.fr\/index.php\/a-propos-de\/10430403_1443423845910320_626374956242727232_n\/\" class=\"wp-image-105\" srcset=\"https:\/\/granier-batiment.fr\/wp-content\/uploads\/2021\/03\/10430403_1443423845910320_626374956242727232_n.jpg 960w, https:\/\/granier-batiment.fr\/wp-content\/uploads\/2021\/03\/10430403_1443423845910320_626374956242727232_n-300x225.jpg 300w, https:\/\/granier-batiment.fr\/wp-content\/uploads\/2021\/03\/10430403_1443423845910320_626374956242727232_n-768x576.jpg 768w\" sizes=\"auto, (max-width: 767px) 89vw, (max-width: 1000px) 54vw, (max-width: 1071px) 543px, 580px\" \/><\/a><\/figure><\/li><li class=\"blocks-gallery-item\"><figure><a href=\"https:\/\/granier-batiment.fr\/wp-content\/uploads\/2021\/03\/10478219_1442659745986730_3339857626795192564_n.jpg\"><img loading=\"lazy\" decoding=\"async\" width=\"960\" height=\"556\" src=\"https:\/\/granier-batiment.fr\/wp-content\/uploads\/2021\/03\/10478219_1442659745986730_3339857626795192564_n.jpg\" alt=\"\" data-id=\"106\" data-full-url=\"https:\/\/granier-batiment.fr\/wp-content\/uploads\/2021\/03\/10478219_1442659745986730_3339857626795192564_n.jpg\" data-link=\"https:\/\/granier-batiment.fr\/index.php\/a-propos-de\/10478219_1442659745986730_3339857626795192564_n\/\" class=\"wp-image-106\" srcset=\"https:\/\/granier-batiment.fr\/wp-content\/uploads\/2021\/03\/10478219_1442659745986730_3339857626795192564_n.jpg 960w, https:\/\/granier-batiment.fr\/wp-content\/uploads\/2021\/03\/10478219_1442659745986730_3339857626795192564_n-300x174.jpg 300w, https:\/\/granier-batiment.fr\/wp-content\/uploads\/2021\/03\/10478219_1442659745986730_3339857626795192564_n-768x445.jpg 768w\" sizes=\"auto, (max-width: 767px) 89vw, (max-width: 1000px) 54vw, (max-width: 1071px) 543px, 580px\" \/><\/a><\/figure><\/li><li class=\"blocks-gallery-item\"><figure><a href=\"https:\/\/granier-batiment.fr\/wp-content\/uploads\/2021\/03\/12108733_1617910488461654_5207280489114112984_n.jpg\"><img loading=\"lazy\" decoding=\"async\" width=\"960\" height=\"720\" src=\"https:\/\/granier-batiment.fr\/wp-content\/uploads\/2021\/03\/12108733_1617910488461654_5207280489114112984_n.jpg\" alt=\"\" data-id=\"107\" data-full-url=\"https:\/\/granier-batiment.fr\/wp-content\/uploads\/2021\/03\/12108733_1617910488461654_5207280489114112984_n.jpg\" data-link=\"https:\/\/granier-batiment.fr\/index.php\/a-propos-de\/12108733_1617910488461654_5207280489114112984_n\/\" class=\"wp-image-107\" srcset=\"https:\/\/granier-batiment.fr\/wp-content\/uploads\/2021\/03\/12108733_1617910488461654_5207280489114112984_n.jpg 960w, https:\/\/granier-batiment.fr\/wp-content\/uploads\/2021\/03\/12108733_1617910488461654_5207280489114112984_n-300x225.jpg 300w, https:\/\/granier-batiment.fr\/wp-content\/uploads\/2021\/03\/12108733_1617910488461654_5207280489114112984_n-768x576.jpg 768w\" sizes=\"auto, (max-width: 767px) 89vw, (max-width: 1000px) 54vw, (max-width: 1071px) 543px, 580px\" \/><\/a><\/figure><\/li><li class=\"blocks-gallery-item\"><figure><a href=\"https:\/\/granier-batiment.fr\/wp-content\/uploads\/2021\/03\/12249810_1625702161015820_1113852700499087189_n.jpg\"><img loading=\"lazy\" decoding=\"async\" width=\"960\" height=\"720\" src=\"https:\/\/granier-batiment.fr\/wp-content\/uploads\/2021\/03\/12249810_1625702161015820_1113852700499087189_n.jpg\" alt=\"\" data-id=\"108\" data-full-url=\"https:\/\/granier-batiment.fr\/wp-content\/uploads\/2021\/03\/12249810_1625702161015820_1113852700499087189_n.jpg\" data-link=\"https:\/\/granier-batiment.fr\/index.php\/a-propos-de\/12249810_1625702161015820_1113852700499087189_n\/\" class=\"wp-image-108\" srcset=\"https:\/\/granier-batiment.fr\/wp-content\/uploads\/2021\/03\/12249810_1625702161015820_1113852700499087189_n.jpg 960w, https:\/\/granier-batiment.fr\/wp-content\/uploads\/2021\/03\/12249810_1625702161015820_1113852700499087189_n-300x225.jpg 300w, https:\/\/granier-batiment.fr\/wp-content\/uploads\/2021\/03\/12249810_1625702161015820_1113852700499087189_n-768x576.jpg 768w\" sizes=\"auto, (max-width: 767px) 89vw, (max-width: 1000px) 54vw, (max-width: 1071px) 543px, 580px\" \/><\/a><\/figure><\/li><li class=\"blocks-gallery-item\"><figure><a href=\"https:\/\/granier-batiment.fr\/wp-content\/uploads\/2021\/03\/27858488_1953402808245752_2562385653789508397_n.jpg\"><img loading=\"lazy\" decoding=\"async\" width=\"720\" height=\"960\" src=\"https:\/\/granier-batiment.fr\/wp-content\/uploads\/2021\/03\/27858488_1953402808245752_2562385653789508397_n.jpg\" alt=\"\" data-id=\"109\" data-full-url=\"https:\/\/granier-batiment.fr\/wp-content\/uploads\/2021\/03\/27858488_1953402808245752_2562385653789508397_n.jpg\" data-link=\"https:\/\/granier-batiment.fr\/index.php\/a-propos-de\/27858488_1953402808245752_2562385653789508397_n\/\" class=\"wp-image-109\" srcset=\"https:\/\/granier-batiment.fr\/wp-content\/uploads\/2021\/03\/27858488_1953402808245752_2562385653789508397_n.jpg 720w, https:\/\/granier-batiment.fr\/wp-content\/uploads\/2021\/03\/27858488_1953402808245752_2562385653789508397_n-225x300.jpg 225w\" sizes=\"auto, (max-width: 720px) 100vw, 720px\" \/><\/a><\/figure><\/li><li class=\"blocks-gallery-item\"><figure><a href=\"https:\/\/granier-batiment.fr\/wp-content\/uploads\/2021\/03\/29261284_1972025476383485_943120014418903040_o.jpg\"><img loading=\"lazy\" decoding=\"async\" width=\"1024\" height=\"576\" src=\"https:\/\/granier-batiment.fr\/wp-content\/uploads\/2021\/03\/29261284_1972025476383485_943120014418903040_o-1024x576.jpg\" alt=\"\" data-id=\"110\" data-full-url=\"https:\/\/granier-batiment.fr\/wp-content\/uploads\/2021\/03\/29261284_1972025476383485_943120014418903040_o.jpg\" data-link=\"https:\/\/granier-batiment.fr\/index.php\/a-propos-de\/29261284_1972025476383485_943120014418903040_o\/\" class=\"wp-image-110\" srcset=\"https:\/\/granier-batiment.fr\/wp-content\/uploads\/2021\/03\/29261284_1972025476383485_943120014418903040_o-1024x576.jpg 1024w, https:\/\/granier-batiment.fr\/wp-content\/uploads\/2021\/03\/29261284_1972025476383485_943120014418903040_o-300x169.jpg 300w, https:\/\/granier-batiment.fr\/wp-content\/uploads\/2021\/03\/29261284_1972025476383485_943120014418903040_o-768x432.jpg 768w, https:\/\/granier-batiment.fr\/wp-content\/uploads\/2021\/03\/29261284_1972025476383485_943120014418903040_o.jpg 1280w\" sizes=\"auto, (max-width: 767px) 89vw, (max-width: 1000px) 54vw, (max-width: 1071px) 543px, 580px\" \/><\/a><\/figure><\/li><li class=\"blocks-gallery-item\"><figure><a href=\"https:\/\/granier-batiment.fr\/wp-content\/uploads\/2021\/03\/151030268_2757829651136393_9071560582803220792_n.jpg\"><img loading=\"lazy\" decoding=\"async\" width=\"720\" height=\"960\" src=\"https:\/\/granier-batiment.fr\/wp-content\/uploads\/2021\/03\/151030268_2757829651136393_9071560582803220792_n.jpg\" alt=\"\" data-id=\"111\" data-full-url=\"https:\/\/granier-batiment.fr\/wp-content\/uploads\/2021\/03\/151030268_2757829651136393_9071560582803220792_n.jpg\" data-link=\"https:\/\/granier-batiment.fr\/index.php\/a-propos-de\/151030268_2757829651136393_9071560582803220792_n\/\" class=\"wp-image-111\" srcset=\"https:\/\/granier-batiment.fr\/wp-content\/uploads\/2021\/03\/151030268_2757829651136393_9071560582803220792_n.jpg 720w, https:\/\/granier-batiment.fr\/wp-content\/uploads\/2021\/03\/151030268_2757829651136393_9071560582803220792_n-225x300.jpg 225w\" sizes=\"auto, (max-width: 720px) 100vw, 720px\" \/><\/a><\/figure><\/li><li class=\"blocks-gallery-item\"><figure><a href=\"https:\/\/granier-batiment.fr\/wp-content\/uploads\/2021\/03\/157403832_2771330013119690_7306361043868152371_o.jpg\"><img loading=\"lazy\" decoding=\"async\" width=\"1024\" height=\"766\" src=\"https:\/\/granier-batiment.fr\/wp-content\/uploads\/2021\/03\/157403832_2771330013119690_7306361043868152371_o-1024x766.jpg\" alt=\"\" data-id=\"112\" data-full-url=\"https:\/\/granier-batiment.fr\/wp-content\/uploads\/2021\/03\/157403832_2771330013119690_7306361043868152371_o.jpg\" data-link=\"https:\/\/granier-batiment.fr\/index.php\/a-propos-de\/157403832_2771330013119690_7306361043868152371_o\/\" class=\"wp-image-112\" srcset=\"https:\/\/granier-batiment.fr\/wp-content\/uploads\/2021\/03\/157403832_2771330013119690_7306361043868152371_o-1024x766.jpg 1024w, https:\/\/granier-batiment.fr\/wp-content\/uploads\/2021\/03\/157403832_2771330013119690_7306361043868152371_o-300x225.jpg 300w, https:\/\/granier-batiment.fr\/wp-content\/uploads\/2021\/03\/157403832_2771330013119690_7306361043868152371_o-768x575.jpg 768w, https:\/\/granier-batiment.fr\/wp-content\/uploads\/2021\/03\/157403832_2771330013119690_7306361043868152371_o.jpg 1280w\" sizes=\"auto, (max-width: 767px) 89vw, (max-width: 1000px) 54vw, (max-width: 1071px) 543px, 580px\" \/><\/a><\/figure><\/li><li class=\"blocks-gallery-item\"><figure><a href=\"https:\/\/granier-batiment.fr\/wp-content\/uploads\/2021\/03\/157612182_2771329979786360_7630968514619920440_o.jpg\"><img loading=\"lazy\" decoding=\"async\" width=\"1024\" height=\"766\" src=\"https:\/\/granier-batiment.fr\/wp-content\/uploads\/2021\/03\/157612182_2771329979786360_7630968514619920440_o-1024x766.jpg\" alt=\"\" data-id=\"113\" data-full-url=\"https:\/\/granier-batiment.fr\/wp-content\/uploads\/2021\/03\/157612182_2771329979786360_7630968514619920440_o.jpg\" data-link=\"https:\/\/granier-batiment.fr\/index.php\/a-propos-de\/157612182_2771329979786360_7630968514619920440_o\/\" class=\"wp-image-113\" srcset=\"https:\/\/granier-batiment.fr\/wp-content\/uploads\/2021\/03\/157612182_2771329979786360_7630968514619920440_o-1024x766.jpg 1024w, https:\/\/granier-batiment.fr\/wp-content\/uploads\/2021\/03\/157612182_2771329979786360_7630968514619920440_o-300x225.jpg 300w, https:\/\/granier-batiment.fr\/wp-content\/uploads\/2021\/03\/157612182_2771329979786360_7630968514619920440_o-768x575.jpg 768w, https:\/\/granier-batiment.fr\/wp-content\/uploads\/2021\/03\/157612182_2771329979786360_7630968514619920440_o.jpg 1280w\" sizes=\"auto, (max-width: 767px) 89vw, (max-width: 1000px) 54vw, (max-width: 1071px) 543px, 580px\" \/><\/a><\/figure><\/li><\/ul><\/figure>\n\n\n\n<figure class=\"wp-block-image size-large\"><img loading=\"lazy\" decoding=\"async\" width=\"842\" height=\"283\" src=\"https:\/\/granier-batiment.fr\/wp-content\/uploads\/2021\/03\/LOGO.png\" alt=\"\" class=\"wp-image-92\" srcset=\"https:\/\/granier-batiment.fr\/wp-content\/uploads\/2021\/03\/LOGO.png 842w, https:\/\/granier-batiment.fr\/wp-content\/uploads\/2021\/03\/LOGO-300x101.png 300w, https:\/\/granier-batiment.fr\/wp-content\/uploads\/2021\/03\/LOGO-768x258.png 768w\" sizes=\"auto, (max-width: 767px) 89vw, (max-width: 1000px) 54vw, (max-width: 1071px) 543px, 580px\" \/><\/figure>\n","protected":false},"excerpt":{"rendered":"<p>Entreprise g\u00e9n\u00e9rale de b\u00e2timent constructions , r\u00e9novations , monuments historiques, maison individuelle, assainissement, am\u00e9nagements, carrelage, fa\u00e7ades<\/p>\n","protected":false},"author":1,"featured_media":69,"parent":0,"menu_order":0,"comment_status":"closed","ping_status":"closed","template":"","meta":{"footnotes":""},"class_list":["post-9","page","type-page","status-publish","has-post-thumbnail","hentry"],"yoast_head":"<!-- This site is optimized with the Yoast SEO plugin v26.8 - https:\/\/yoast.com\/product\/yoast-seo-wordpress\/ -->\n<title>Neuf &amp; R\u00e9novation - GRANIER BATIMENT<\/title>\n<meta name=\"robots\" content=\"index, follow, max-snippet:-1, max-image-preview:large, max-video-preview:-1\" \/>\n<link rel=\"canonical\" href=\"https:\/\/granier-batiment.fr\/index.php\/a-propos-de\/\" \/>\n<meta property=\"og:locale\" content=\"fr_FR\" \/>\n<meta property=\"og:type\" content=\"article\" \/>\n<meta property=\"og:title\" content=\"Neuf &amp; R\u00e9novation - GRANIER BATIMENT\" \/>\n<meta property=\"og:description\" content=\"Entreprise g\u00e9n\u00e9rale de b\u00e2timent constructions , r\u00e9novations , monuments historiques, maison individuelle, assainissement, am\u00e9nagements, carrelage, fa\u00e7ades\" \/>\n<meta property=\"og:url\" content=\"https:\/\/granier-batiment.fr\/index.php\/a-propos-de\/\" \/>\n<meta property=\"og:site_name\" content=\"GRANIER BATIMENT\" \/>\n<meta property=\"article:publisher\" content=\"https:\/\/www.facebook.com\/granierbatiment\" \/>\n<meta property=\"article:modified_time\" content=\"2021-03-09T18:10:45+00:00\" \/>\n<meta property=\"og:image\" content=\"https:\/\/granier-batiment.fr\/wp-content\/uploads\/2021\/03\/11043180_10153164109799479_8819014523255326247_n.jpg\" \/>\n\t<meta property=\"og:image:width\" content=\"960\" \/>\n\t<meta property=\"og:image:height\" content=\"640\" \/>\n\t<meta property=\"og:image:type\" content=\"image\/jpeg\" \/>\n<meta name=\"twitter:card\" content=\"summary_large_image\" \/>\n<script type=\"application\/ld+json\" class=\"yoast-schema-graph\">{\"@context\":\"https:\/\/schema.org\",\"@graph\":[{\"@type\":\"WebPage\",\"@id\":\"https:\/\/granier-batiment.fr\/index.php\/a-propos-de\/\",\"url\":\"https:\/\/granier-batiment.fr\/index.php\/a-propos-de\/\",\"name\":\"Neuf & R\u00e9novation - GRANIER BATIMENT\",\"isPartOf\":{\"@id\":\"https:\/\/granier-batiment.fr\/#website\"},\"primaryImageOfPage\":{\"@id\":\"https:\/\/granier-batiment.fr\/index.php\/a-propos-de\/#primaryimage\"},\"image\":{\"@id\":\"https:\/\/granier-batiment.fr\/index.php\/a-propos-de\/#primaryimage\"},\"thumbnailUrl\":\"https:\/\/granier-batiment.fr\/wp-content\/uploads\/2021\/03\/11043180_10153164109799479_8819014523255326247_n.jpg\",\"datePublished\":\"2021-03-08T11:52:41+00:00\",\"dateModified\":\"2021-03-09T18:10:45+00:00\",\"breadcrumb\":{\"@id\":\"https:\/\/granier-batiment.fr\/index.php\/a-propos-de\/#breadcrumb\"},\"inLanguage\":\"fr-FR\",\"potentialAction\":[{\"@type\":\"ReadAction\",\"target\":[\"https:\/\/granier-batiment.fr\/index.php\/a-propos-de\/\"]}]},{\"@type\":\"ImageObject\",\"inLanguage\":\"fr-FR\",\"@id\":\"https:\/\/granier-batiment.fr\/index.php\/a-propos-de\/#primaryimage\",\"url\":\"https:\/\/granier-batiment.fr\/wp-content\/uploads\/2021\/03\/11043180_10153164109799479_8819014523255326247_n.jpg\",\"contentUrl\":\"https:\/\/granier-batiment.fr\/wp-content\/uploads\/2021\/03\/11043180_10153164109799479_8819014523255326247_n.jpg\",\"width\":960,\"height\":640},{\"@type\":\"BreadcrumbList\",\"@id\":\"https:\/\/granier-batiment.fr\/index.php\/a-propos-de\/#breadcrumb\",\"itemListElement\":[{\"@type\":\"ListItem\",\"position\":1,\"name\":\"Accueil\",\"item\":\"https:\/\/granier-batiment.fr\/\"},{\"@type\":\"ListItem\",\"position\":2,\"name\":\"Neuf &#038; R\u00e9novation\"}]},{\"@type\":\"WebSite\",\"@id\":\"https:\/\/granier-batiment.fr\/#website\",\"url\":\"https:\/\/granier-batiment.fr\/\",\"name\":\"GRANIER BATIMENT\",\"description\":\"NEUF &amp; RENOVATION\",\"publisher\":{\"@id\":\"https:\/\/granier-batiment.fr\/#organization\"},\"potentialAction\":[{\"@type\":\"SearchAction\",\"target\":{\"@type\":\"EntryPoint\",\"urlTemplate\":\"https:\/\/granier-batiment.fr\/?s={search_term_string}\"},\"query-input\":{\"@type\":\"PropertyValueSpecification\",\"valueRequired\":true,\"valueName\":\"search_term_string\"}}],\"inLanguage\":\"fr-FR\"},{\"@type\":\"Organization\",\"@id\":\"https:\/\/granier-batiment.fr\/#organization\",\"name\":\"GRANIER BATIMENT\",\"url\":\"https:\/\/granier-batiment.fr\/\",\"logo\":{\"@type\":\"ImageObject\",\"inLanguage\":\"fr-FR\",\"@id\":\"https:\/\/granier-batiment.fr\/#\/schema\/logo\/image\/\",\"url\":\"https:\/\/granier-batiment.fr\/wp-content\/uploads\/2021\/03\/cropped-LOGO.png\",\"contentUrl\":\"https:\/\/granier-batiment.fr\/wp-content\/uploads\/2021\/03\/cropped-LOGO.png\",\"width\":743,\"height\":250,\"caption\":\"GRANIER BATIMENT\"},\"image\":{\"@id\":\"https:\/\/granier-batiment.fr\/#\/schema\/logo\/image\/\"},\"sameAs\":[\"https:\/\/www.facebook.com\/granierbatiment\"]}]}<\/script>\n<!-- \/ Yoast SEO plugin. -->","yoast_head_json":{"title":"Neuf & R\u00e9novation - GRANIER BATIMENT","robots":{"index":"index","follow":"follow","max-snippet":"max-snippet:-1","max-image-preview":"max-image-preview:large","max-video-preview":"max-video-preview:-1"},"canonical":"https:\/\/granier-batiment.fr\/index.php\/a-propos-de\/","og_locale":"fr_FR","og_type":"article","og_title":"Neuf & R\u00e9novation - GRANIER BATIMENT","og_description":"Entreprise g\u00e9n\u00e9rale de b\u00e2timent constructions , r\u00e9novations , monuments historiques, maison individuelle, assainissement, am\u00e9nagements, carrelage, fa\u00e7ades","og_url":"https:\/\/granier-batiment.fr\/index.php\/a-propos-de\/","og_site_name":"GRANIER BATIMENT","article_publisher":"https:\/\/www.facebook.com\/granierbatiment","article_modified_time":"2021-03-09T18:10:45+00:00","og_image":[{"width":960,"height":640,"url":"https:\/\/granier-batiment.fr\/wp-content\/uploads\/2021\/03\/11043180_10153164109799479_8819014523255326247_n.jpg","type":"image\/jpeg"}],"twitter_card":"summary_large_image","schema":{"@context":"https:\/\/schema.org","@graph":[{"@type":"WebPage","@id":"https:\/\/granier-batiment.fr\/index.php\/a-propos-de\/","url":"https:\/\/granier-batiment.fr\/index.php\/a-propos-de\/","name":"Neuf & R\u00e9novation - GRANIER BATIMENT","isPartOf":{"@id":"https:\/\/granier-batiment.fr\/#website"},"primaryImageOfPage":{"@id":"https:\/\/granier-batiment.fr\/index.php\/a-propos-de\/#primaryimage"},"image":{"@id":"https:\/\/granier-batiment.fr\/index.php\/a-propos-de\/#primaryimage"},"thumbnailUrl":"https:\/\/granier-batiment.fr\/wp-content\/uploads\/2021\/03\/11043180_10153164109799479_8819014523255326247_n.jpg","datePublished":"2021-03-08T11:52:41+00:00","dateModified":"2021-03-09T18:10:45+00:00","breadcrumb":{"@id":"https:\/\/granier-batiment.fr\/index.php\/a-propos-de\/#breadcrumb"},"inLanguage":"fr-FR","potentialAction":[{"@type":"ReadAction","target":["https:\/\/granier-batiment.fr\/index.php\/a-propos-de\/"]}]},{"@type":"ImageObject","inLanguage":"fr-FR","@id":"https:\/\/granier-batiment.fr\/index.php\/a-propos-de\/#primaryimage","url":"https:\/\/granier-batiment.fr\/wp-content\/uploads\/2021\/03\/11043180_10153164109799479_8819014523255326247_n.jpg","contentUrl":"https:\/\/granier-batiment.fr\/wp-content\/uploads\/2021\/03\/11043180_10153164109799479_8819014523255326247_n.jpg","width":960,"height":640},{"@type":"BreadcrumbList","@id":"https:\/\/granier-batiment.fr\/index.php\/a-propos-de\/#breadcrumb","itemListElement":[{"@type":"ListItem","position":1,"name":"Accueil","item":"https:\/\/granier-batiment.fr\/"},{"@type":"ListItem","position":2,"name":"Neuf &#038; R\u00e9novation"}]},{"@type":"WebSite","@id":"https:\/\/granier-batiment.fr\/#website","url":"https:\/\/granier-batiment.fr\/","name":"GRANIER BATIMENT","description":"NEUF &amp; RENOVATION","publisher":{"@id":"https:\/\/granier-batiment.fr\/#organization"},"potentialAction":[{"@type":"SearchAction","target":{"@type":"EntryPoint","urlTemplate":"https:\/\/granier-batiment.fr\/?s={search_term_string}"},"query-input":{"@type":"PropertyValueSpecification","valueRequired":true,"valueName":"search_term_string"}}],"inLanguage":"fr-FR"},{"@type":"Organization","@id":"https:\/\/granier-batiment.fr\/#organization","name":"GRANIER BATIMENT","url":"https:\/\/granier-batiment.fr\/","logo":{"@type":"ImageObject","inLanguage":"fr-FR","@id":"https:\/\/granier-batiment.fr\/#\/schema\/logo\/image\/","url":"https:\/\/granier-batiment.fr\/wp-content\/uploads\/2021\/03\/cropped-LOGO.png","contentUrl":"https:\/\/granier-batiment.fr\/wp-content\/uploads\/2021\/03\/cropped-LOGO.png","width":743,"height":250,"caption":"GRANIER BATIMENT"},"image":{"@id":"https:\/\/granier-batiment.fr\/#\/schema\/logo\/image\/"},"sameAs":["https:\/\/www.facebook.com\/granierbatiment"]}]}},"_links":{"self":[{"href":"https:\/\/granier-batiment.fr\/index.php\/wp-json\/wp\/v2\/pages\/9","targetHints":{"allow":["GET"]}}],"collection":[{"href":"https:\/\/granier-batiment.fr\/index.php\/wp-json\/wp\/v2\/pages"}],"about":[{"href":"https:\/\/granier-batiment.fr\/index.php\/wp-json\/wp\/v2\/types\/page"}],"author":[{"embeddable":true,"href":"https:\/\/granier-batiment.fr\/index.php\/wp-json\/wp\/v2\/users\/1"}],"replies":[{"embeddable":true,"href":"https:\/\/granier-batiment.fr\/index.php\/wp-json\/wp\/v2\/comments?post=9"}],"version-history":[{"count":8,"href":"https:\/\/granier-batiment.fr\/index.php\/wp-json\/wp\/v2\/pages\/9\/revisions"}],"predecessor-version":[{"id":118,"href":"https:\/\/granier-batiment.fr\/index.php\/wp-json\/wp\/v2\/pages\/9\/revisions\/118"}],"wp:featuredmedia":[{"embeddable":true,"href":"https:\/\/granier-batiment.fr\/index.php\/wp-json\/wp\/v2\/media\/69"}],"wp:attachment":[{"href":"https:\/\/granier-batiment.fr\/index.php\/wp-json\/wp\/v2\/media?parent=9"}],"curies":[{"name":"wp","href":"https:\/\/api.w.org\/{rel}","templated":true}]}}