{"id":12,"date":"2021-03-08T12:52:41","date_gmt":"2021-03-08T11:52:41","guid":{"rendered":"https:\/\/granier-batiment.fr\/?page_id=12"},"modified":"2021-03-09T19:02:54","modified_gmt":"2021-03-09T18:02:54","slug":"une-section-de-page-daccueil","status":"publish","type":"page","link":"https:\/\/granier-batiment.fr\/index.php\/une-section-de-page-daccueil\/","title":{"rendered":"NOS REALISATIONS"},"content":{"rendered":"\n<p>Entreprise g\u00e9n\u00e9rale de b\u00e2timent constructions , r\u00e9novations , monuments historiques, maison individuelle, assainissement, am\u00e9nagements, carrelage, fa\u00e7ades<\/p>\n\n\n\n<figure class=\"wp-block-gallery columns-2 is-cropped wp-block-gallery-1 is-layout-flex wp-block-gallery-is-layout-flex\"><ul class=\"blocks-gallery-grid\"><li class=\"blocks-gallery-item\"><figure><a href=\"https:\/\/granier-batiment.fr\/wp-content\/uploads\/2021\/03\/153948138.jpg\"><img loading=\"lazy\" decoding=\"async\" width=\"960\" height=\"720\" src=\"https:\/\/granier-batiment.fr\/wp-content\/uploads\/2021\/03\/153948138.jpg\" alt=\"GRANIER\" data-id=\"39\" data-full-url=\"https:\/\/granier-batiment.fr\/wp-content\/uploads\/2021\/03\/153948138.jpg\" data-link=\"https:\/\/granier-batiment.fr\/index.php\/une-section-de-page-daccueil\/attachment\/153948138\/\" class=\"wp-image-39\" srcset=\"https:\/\/granier-batiment.fr\/wp-content\/uploads\/2021\/03\/153948138.jpg 960w, https:\/\/granier-batiment.fr\/wp-content\/uploads\/2021\/03\/153948138-300x225.jpg 300w, https:\/\/granier-batiment.fr\/wp-content\/uploads\/2021\/03\/153948138-768x576.jpg 768w\" sizes=\"auto, (max-width: 767px) 89vw, (max-width: 1000px) 54vw, (max-width: 1071px) 543px, 580px\" \/><\/a><\/figure><\/li><li class=\"blocks-gallery-item\"><figure><a href=\"https:\/\/granier-batiment.fr\/wp-content\/uploads\/2021\/03\/90039847_2478463572406337_8072173655947214848_n.jpg\"><img loading=\"lazy\" decoding=\"async\" width=\"960\" height=\"720\" src=\"https:\/\/granier-batiment.fr\/wp-content\/uploads\/2021\/03\/90039847_2478463572406337_8072173655947214848_n.jpg\" alt=\"GRANIER\" data-id=\"41\" data-full-url=\"https:\/\/granier-batiment.fr\/wp-content\/uploads\/2021\/03\/90039847_2478463572406337_8072173655947214848_n.jpg\" data-link=\"https:\/\/granier-batiment.fr\/90039847_2478463572406337_8072173655947214848_n\/\" class=\"wp-image-41\" srcset=\"https:\/\/granier-batiment.fr\/wp-content\/uploads\/2021\/03\/90039847_2478463572406337_8072173655947214848_n.jpg 960w, https:\/\/granier-batiment.fr\/wp-content\/uploads\/2021\/03\/90039847_2478463572406337_8072173655947214848_n-300x225.jpg 300w, https:\/\/granier-batiment.fr\/wp-content\/uploads\/2021\/03\/90039847_2478463572406337_8072173655947214848_n-768x576.jpg 768w\" sizes=\"auto, (max-width: 767px) 89vw, (max-width: 1000px) 54vw, (max-width: 1071px) 543px, 580px\" \/><\/a><\/figure><\/li><li class=\"blocks-gallery-item\"><figure><a href=\"https:\/\/granier-batiment.fr\/wp-content\/uploads\/2021\/03\/157032375.jpg\"><img loading=\"lazy\" decoding=\"async\" width=\"1024\" height=\"576\" src=\"https:\/\/granier-batiment.fr\/wp-content\/uploads\/2021\/03\/157032375-1024x576.jpg\" alt=\"\" data-id=\"40\" data-full-url=\"https:\/\/granier-batiment.fr\/wp-content\/uploads\/2021\/03\/157032375.jpg\" data-link=\"https:\/\/granier-batiment.fr\/index.php\/contact\/attachment\/157032375\/\" class=\"wp-image-40\" srcset=\"https:\/\/granier-batiment.fr\/wp-content\/uploads\/2021\/03\/157032375-1024x576.jpg 1024w, https:\/\/granier-batiment.fr\/wp-content\/uploads\/2021\/03\/157032375-300x169.jpg 300w, https:\/\/granier-batiment.fr\/wp-content\/uploads\/2021\/03\/157032375-768x432.jpg 768w, https:\/\/granier-batiment.fr\/wp-content\/uploads\/2021\/03\/157032375.jpg 1280w\" sizes=\"auto, (max-width: 767px) 89vw, (max-width: 1000px) 54vw, (max-width: 1071px) 543px, 580px\" \/><\/a><\/figure><\/li><li class=\"blocks-gallery-item\"><figure><a href=\"https:\/\/granier-batiment.fr\/wp-content\/uploads\/2021\/03\/10413418_1450444191874952_6682721741163765555_n.jpg\"><img loading=\"lazy\" decoding=\"async\" width=\"960\" height=\"720\" src=\"https:\/\/granier-batiment.fr\/wp-content\/uploads\/2021\/03\/10413418_1450444191874952_6682721741163765555_n.jpg\" alt=\"\" data-id=\"104\" data-full-url=\"https:\/\/granier-batiment.fr\/wp-content\/uploads\/2021\/03\/10413418_1450444191874952_6682721741163765555_n.jpg\" data-link=\"https:\/\/granier-batiment.fr\/index.php\/a-propos-de\/10413418_1450444191874952_6682721741163765555_n\/\" class=\"wp-image-104\" srcset=\"https:\/\/granier-batiment.fr\/wp-content\/uploads\/2021\/03\/10413418_1450444191874952_6682721741163765555_n.jpg 960w, https:\/\/granier-batiment.fr\/wp-content\/uploads\/2021\/03\/10413418_1450444191874952_6682721741163765555_n-300x225.jpg 300w, https:\/\/granier-batiment.fr\/wp-content\/uploads\/2021\/03\/10413418_1450444191874952_6682721741163765555_n-768x576.jpg 768w\" sizes=\"auto, (max-width: 767px) 89vw, (max-width: 1000px) 54vw, (max-width: 1071px) 543px, 580px\" \/><\/a><\/figure><\/li><li class=\"blocks-gallery-item\"><figure><a href=\"https:\/\/granier-batiment.fr\/wp-content\/uploads\/2021\/03\/13669057_1709673179285384_596705119204764820_n.jpg\"><img loading=\"lazy\" decoding=\"async\" width=\"960\" height=\"960\" src=\"https:\/\/granier-batiment.fr\/wp-content\/uploads\/2021\/03\/13669057_1709673179285384_596705119204764820_n.jpg\" alt=\"\" data-id=\"102\" data-full-url=\"https:\/\/granier-batiment.fr\/wp-content\/uploads\/2021\/03\/13669057_1709673179285384_596705119204764820_n.jpg\" data-link=\"https:\/\/granier-batiment.fr\/index.php\/une-section-de-page-daccueil\/13669057_1709673179285384_596705119204764820_n\/\" class=\"wp-image-102\" srcset=\"https:\/\/granier-batiment.fr\/wp-content\/uploads\/2021\/03\/13669057_1709673179285384_596705119204764820_n.jpg 960w, https:\/\/granier-batiment.fr\/wp-content\/uploads\/2021\/03\/13669057_1709673179285384_596705119204764820_n-300x300.jpg 300w, https:\/\/granier-batiment.fr\/wp-content\/uploads\/2021\/03\/13669057_1709673179285384_596705119204764820_n-150x150.jpg 150w, https:\/\/granier-batiment.fr\/wp-content\/uploads\/2021\/03\/13669057_1709673179285384_596705119204764820_n-768x768.jpg 768w, https:\/\/granier-batiment.fr\/wp-content\/uploads\/2021\/03\/13669057_1709673179285384_596705119204764820_n-100x100.jpg 100w\" sizes=\"auto, (max-width: 767px) 89vw, (max-width: 1000px) 54vw, (max-width: 1071px) 543px, 580px\" \/><\/a><\/figure><\/li><li class=\"blocks-gallery-item\"><figure><a href=\"https:\/\/granier-batiment.fr\/wp-content\/uploads\/2021\/03\/10430403_1443423845910320_626374956242727232_n.jpg\"><img loading=\"lazy\" decoding=\"async\" width=\"960\" height=\"720\" src=\"https:\/\/granier-batiment.fr\/wp-content\/uploads\/2021\/03\/10430403_1443423845910320_626374956242727232_n.jpg\" alt=\"\" data-id=\"105\" data-full-url=\"https:\/\/granier-batiment.fr\/wp-content\/uploads\/2021\/03\/10430403_1443423845910320_626374956242727232_n.jpg\" data-link=\"https:\/\/granier-batiment.fr\/index.php\/a-propos-de\/10430403_1443423845910320_626374956242727232_n\/\" class=\"wp-image-105\" srcset=\"https:\/\/granier-batiment.fr\/wp-content\/uploads\/2021\/03\/10430403_1443423845910320_626374956242727232_n.jpg 960w, https:\/\/granier-batiment.fr\/wp-content\/uploads\/2021\/03\/10430403_1443423845910320_626374956242727232_n-300x225.jpg 300w, https:\/\/granier-batiment.fr\/wp-content\/uploads\/2021\/03\/10430403_1443423845910320_626374956242727232_n-768x576.jpg 768w\" sizes=\"auto, (max-width: 767px) 89vw, (max-width: 1000px) 54vw, (max-width: 1071px) 543px, 580px\" \/><\/a><\/figure><\/li><\/ul><\/figure>\n","protected":false},"excerpt":{"rendered":"<p>Entreprise g\u00e9n\u00e9rale de b\u00e2timent constructions , r\u00e9novations , monuments historiques, maison individuelle, assainissement, am\u00e9nagements, carrelage, fa\u00e7ades<\/p>\n","protected":false},"author":1,"featured_media":89,"parent":0,"menu_order":0,"comment_status":"closed","ping_status":"closed","template":"","meta":{"footnotes":""},"class_list":["post-12","page","type-page","status-publish","has-post-thumbnail","hentry"],"yoast_head":"<!-- This site is optimized with the Yoast SEO plugin v26.8 - https:\/\/yoast.com\/product\/yoast-seo-wordpress\/ -->\n<title>NOS REALISATIONS - GRANIER BATIMENT<\/title>\n<meta name=\"robots\" content=\"index, follow, max-snippet:-1, max-image-preview:large, max-video-preview:-1\" \/>\n<link rel=\"canonical\" href=\"https:\/\/granier-batiment.fr\/index.php\/une-section-de-page-daccueil\/\" \/>\n<meta property=\"og:locale\" content=\"fr_FR\" \/>\n<meta property=\"og:type\" content=\"article\" \/>\n<meta property=\"og:title\" content=\"NOS REALISATIONS - GRANIER BATIMENT\" \/>\n<meta property=\"og:description\" content=\"Entreprise g\u00e9n\u00e9rale de b\u00e2timent constructions , r\u00e9novations , monuments historiques, maison individuelle, assainissement, am\u00e9nagements, carrelage, fa\u00e7ades\" \/>\n<meta property=\"og:url\" content=\"https:\/\/granier-batiment.fr\/index.php\/une-section-de-page-daccueil\/\" \/>\n<meta property=\"og:site_name\" content=\"GRANIER BATIMENT\" \/>\n<meta property=\"article:publisher\" content=\"https:\/\/www.facebook.com\/granierbatiment\" \/>\n<meta property=\"article:modified_time\" content=\"2021-03-09T18:02:54+00:00\" \/>\n<meta property=\"og:image\" content=\"https:\/\/granier-batiment.fr\/wp-content\/uploads\/2021\/03\/10498333_1443423779243660_2687766535178644135_o.jpg\" \/>\n\t<meta property=\"og:image:width\" content=\"1378\" \/>\n\t<meta property=\"og:image:height\" content=\"639\" \/>\n\t<meta property=\"og:image:type\" content=\"image\/jpeg\" \/>\n<meta name=\"twitter:card\" content=\"summary_large_image\" \/>\n<script type=\"application\/ld+json\" class=\"yoast-schema-graph\">{\"@context\":\"https:\/\/schema.org\",\"@graph\":[{\"@type\":\"WebPage\",\"@id\":\"https:\/\/granier-batiment.fr\/index.php\/une-section-de-page-daccueil\/\",\"url\":\"https:\/\/granier-batiment.fr\/index.php\/une-section-de-page-daccueil\/\",\"name\":\"NOS REALISATIONS - GRANIER BATIMENT\",\"isPartOf\":{\"@id\":\"https:\/\/granier-batiment.fr\/#website\"},\"primaryImageOfPage\":{\"@id\":\"https:\/\/granier-batiment.fr\/index.php\/une-section-de-page-daccueil\/#primaryimage\"},\"image\":{\"@id\":\"https:\/\/granier-batiment.fr\/index.php\/une-section-de-page-daccueil\/#primaryimage\"},\"thumbnailUrl\":\"https:\/\/granier-batiment.fr\/wp-content\/uploads\/2021\/03\/10498333_1443423779243660_2687766535178644135_o.jpg\",\"datePublished\":\"2021-03-08T11:52:41+00:00\",\"dateModified\":\"2021-03-09T18:02:54+00:00\",\"breadcrumb\":{\"@id\":\"https:\/\/granier-batiment.fr\/index.php\/une-section-de-page-daccueil\/#breadcrumb\"},\"inLanguage\":\"fr-FR\",\"potentialAction\":[{\"@type\":\"ReadAction\",\"target\":[\"https:\/\/granier-batiment.fr\/index.php\/une-section-de-page-daccueil\/\"]}]},{\"@type\":\"ImageObject\",\"inLanguage\":\"fr-FR\",\"@id\":\"https:\/\/granier-batiment.fr\/index.php\/une-section-de-page-daccueil\/#primaryimage\",\"url\":\"https:\/\/granier-batiment.fr\/wp-content\/uploads\/2021\/03\/10498333_1443423779243660_2687766535178644135_o.jpg\",\"contentUrl\":\"https:\/\/granier-batiment.fr\/wp-content\/uploads\/2021\/03\/10498333_1443423779243660_2687766535178644135_o.jpg\",\"width\":1378,\"height\":639,\"caption\":\"GRANIER\"},{\"@type\":\"BreadcrumbList\",\"@id\":\"https:\/\/granier-batiment.fr\/index.php\/une-section-de-page-daccueil\/#breadcrumb\",\"itemListElement\":[{\"@type\":\"ListItem\",\"position\":1,\"name\":\"Accueil\",\"item\":\"https:\/\/granier-batiment.fr\/\"},{\"@type\":\"ListItem\",\"position\":2,\"name\":\"NOS REALISATIONS\"}]},{\"@type\":\"WebSite\",\"@id\":\"https:\/\/granier-batiment.fr\/#website\",\"url\":\"https:\/\/granier-batiment.fr\/\",\"name\":\"GRANIER BATIMENT\",\"description\":\"NEUF &amp; RENOVATION\",\"publisher\":{\"@id\":\"https:\/\/granier-batiment.fr\/#organization\"},\"potentialAction\":[{\"@type\":\"SearchAction\",\"target\":{\"@type\":\"EntryPoint\",\"urlTemplate\":\"https:\/\/granier-batiment.fr\/?s={search_term_string}\"},\"query-input\":{\"@type\":\"PropertyValueSpecification\",\"valueRequired\":true,\"valueName\":\"search_term_string\"}}],\"inLanguage\":\"fr-FR\"},{\"@type\":\"Organization\",\"@id\":\"https:\/\/granier-batiment.fr\/#organization\",\"name\":\"GRANIER BATIMENT\",\"url\":\"https:\/\/granier-batiment.fr\/\",\"logo\":{\"@type\":\"ImageObject\",\"inLanguage\":\"fr-FR\",\"@id\":\"https:\/\/granier-batiment.fr\/#\/schema\/logo\/image\/\",\"url\":\"https:\/\/granier-batiment.fr\/wp-content\/uploads\/2021\/03\/cropped-LOGO.png\",\"contentUrl\":\"https:\/\/granier-batiment.fr\/wp-content\/uploads\/2021\/03\/cropped-LOGO.png\",\"width\":743,\"height\":250,\"caption\":\"GRANIER BATIMENT\"},\"image\":{\"@id\":\"https:\/\/granier-batiment.fr\/#\/schema\/logo\/image\/\"},\"sameAs\":[\"https:\/\/www.facebook.com\/granierbatiment\"]}]}<\/script>\n<!-- \/ Yoast SEO plugin. -->","yoast_head_json":{"title":"NOS REALISATIONS - GRANIER BATIMENT","robots":{"index":"index","follow":"follow","max-snippet":"max-snippet:-1","max-image-preview":"max-image-preview:large","max-video-preview":"max-video-preview:-1"},"canonical":"https:\/\/granier-batiment.fr\/index.php\/une-section-de-page-daccueil\/","og_locale":"fr_FR","og_type":"article","og_title":"NOS REALISATIONS - GRANIER BATIMENT","og_description":"Entreprise g\u00e9n\u00e9rale de b\u00e2timent constructions , r\u00e9novations , monuments historiques, maison individuelle, assainissement, am\u00e9nagements, carrelage, fa\u00e7ades","og_url":"https:\/\/granier-batiment.fr\/index.php\/une-section-de-page-daccueil\/","og_site_name":"GRANIER BATIMENT","article_publisher":"https:\/\/www.facebook.com\/granierbatiment","article_modified_time":"2021-03-09T18:02:54+00:00","og_image":[{"width":1378,"height":639,"url":"https:\/\/granier-batiment.fr\/wp-content\/uploads\/2021\/03\/10498333_1443423779243660_2687766535178644135_o.jpg","type":"image\/jpeg"}],"twitter_card":"summary_large_image","schema":{"@context":"https:\/\/schema.org","@graph":[{"@type":"WebPage","@id":"https:\/\/granier-batiment.fr\/index.php\/une-section-de-page-daccueil\/","url":"https:\/\/granier-batiment.fr\/index.php\/une-section-de-page-daccueil\/","name":"NOS REALISATIONS - GRANIER BATIMENT","isPartOf":{"@id":"https:\/\/granier-batiment.fr\/#website"},"primaryImageOfPage":{"@id":"https:\/\/granier-batiment.fr\/index.php\/une-section-de-page-daccueil\/#primaryimage"},"image":{"@id":"https:\/\/granier-batiment.fr\/index.php\/une-section-de-page-daccueil\/#primaryimage"},"thumbnailUrl":"https:\/\/granier-batiment.fr\/wp-content\/uploads\/2021\/03\/10498333_1443423779243660_2687766535178644135_o.jpg","datePublished":"2021-03-08T11:52:41+00:00","dateModified":"2021-03-09T18:02:54+00:00","breadcrumb":{"@id":"https:\/\/granier-batiment.fr\/index.php\/une-section-de-page-daccueil\/#breadcrumb"},"inLanguage":"fr-FR","potentialAction":[{"@type":"ReadAction","target":["https:\/\/granier-batiment.fr\/index.php\/une-section-de-page-daccueil\/"]}]},{"@type":"ImageObject","inLanguage":"fr-FR","@id":"https:\/\/granier-batiment.fr\/index.php\/une-section-de-page-daccueil\/#primaryimage","url":"https:\/\/granier-batiment.fr\/wp-content\/uploads\/2021\/03\/10498333_1443423779243660_2687766535178644135_o.jpg","contentUrl":"https:\/\/granier-batiment.fr\/wp-content\/uploads\/2021\/03\/10498333_1443423779243660_2687766535178644135_o.jpg","width":1378,"height":639,"caption":"GRANIER"},{"@type":"BreadcrumbList","@id":"https:\/\/granier-batiment.fr\/index.php\/une-section-de-page-daccueil\/#breadcrumb","itemListElement":[{"@type":"ListItem","position":1,"name":"Accueil","item":"https:\/\/granier-batiment.fr\/"},{"@type":"ListItem","position":2,"name":"NOS REALISATIONS"}]},{"@type":"WebSite","@id":"https:\/\/granier-batiment.fr\/#website","url":"https:\/\/granier-batiment.fr\/","name":"GRANIER BATIMENT","description":"NEUF &amp; RENOVATION","publisher":{"@id":"https:\/\/granier-batiment.fr\/#organization"},"potentialAction":[{"@type":"SearchAction","target":{"@type":"EntryPoint","urlTemplate":"https:\/\/granier-batiment.fr\/?s={search_term_string}"},"query-input":{"@type":"PropertyValueSpecification","valueRequired":true,"valueName":"search_term_string"}}],"inLanguage":"fr-FR"},{"@type":"Organization","@id":"https:\/\/granier-batiment.fr\/#organization","name":"GRANIER BATIMENT","url":"https:\/\/granier-batiment.fr\/","logo":{"@type":"ImageObject","inLanguage":"fr-FR","@id":"https:\/\/granier-batiment.fr\/#\/schema\/logo\/image\/","url":"https:\/\/granier-batiment.fr\/wp-content\/uploads\/2021\/03\/cropped-LOGO.png","contentUrl":"https:\/\/granier-batiment.fr\/wp-content\/uploads\/2021\/03\/cropped-LOGO.png","width":743,"height":250,"caption":"GRANIER BATIMENT"},"image":{"@id":"https:\/\/granier-batiment.fr\/#\/schema\/logo\/image\/"},"sameAs":["https:\/\/www.facebook.com\/granierbatiment"]}]}},"_links":{"self":[{"href":"https:\/\/granier-batiment.fr\/index.php\/wp-json\/wp\/v2\/pages\/12","targetHints":{"allow":["GET"]}}],"collection":[{"href":"https:\/\/granier-batiment.fr\/index.php\/wp-json\/wp\/v2\/pages"}],"about":[{"href":"https:\/\/granier-batiment.fr\/index.php\/wp-json\/wp\/v2\/types\/page"}],"author":[{"embeddable":true,"href":"https:\/\/granier-batiment.fr\/index.php\/wp-json\/wp\/v2\/users\/1"}],"replies":[{"embeddable":true,"href":"https:\/\/granier-batiment.fr\/index.php\/wp-json\/wp\/v2\/comments?post=12"}],"version-history":[{"count":7,"href":"https:\/\/granier-batiment.fr\/index.php\/wp-json\/wp\/v2\/pages\/12\/revisions"}],"predecessor-version":[{"id":117,"href":"https:\/\/granier-batiment.fr\/index.php\/wp-json\/wp\/v2\/pages\/12\/revisions\/117"}],"wp:featuredmedia":[{"embeddable":true,"href":"https:\/\/granier-batiment.fr\/index.php\/wp-json\/wp\/v2\/media\/89"}],"wp:attachment":[{"href":"https:\/\/granier-batiment.fr\/index.php\/wp-json\/wp\/v2\/media?parent=12"}],"curies":[{"name":"wp","href":"https:\/\/api.w.org\/{rel}","templated":true}]}}